{"id":2,"date":"2019-04-05T03:28:22","date_gmt":"2019-04-05T03:28:22","guid":{"rendered":"https:\/\/xn--whle-zukunft-gcb.de\/?page_id=2"},"modified":"2022-07-21T11:06:34","modified_gmt":"2022-07-21T11:06:34","slug":"sample-page","status":"publish","type":"page","link":"https:\/\/xn--whle-zukunft-gcb.de\/cs\/","title":{"rendered":"W\u00e4hle Zukunft"},"content":{"rendered":"<p>[vc_row full_width=&#8220;stretch_row_content_no_spaces&#8220;][vc_column][vc_single_image image=&#8220;132&#8243; img_size=&#8220;full&#8220; alignment=&#8220;center&#8220;][\/vc_column][\/vc_row][vc_row full_width=&#8220;stretch_row_content&#8220;][vc_column][ucaddon_blox_side_small_round_icon_box icon=&#8220;fa fa-check-square&#8220; description=&#8220;RXZyb3BzayVDMyVBOSUyMHNwb2xlJUM0JThEZW5zdHYlQzMlQUQlMjBzZSUyMHZ5dmludWxvJTIwdiUyMG5lZGVtb2tyYXRpY2slQzMlQkQlMjBtb2xvY2glMjAlQzUlOTklQzMlQUR6ZW4lQzMlQkQlMjBwb2xpdGljayVDMyVCRG1pJTIwbG91dGthbWklMjBhJTIwdHZvJUM1JTk5ZW4lQzMlQkQlMjBuZXRyYW5zcGFyZW50biVDMyVBRCUyMGElMjBuZWtvbnRyb2xvdmFub3UlMjBieXJva3JhY2klQzMlQUQu&#8220; title=&#8220;Evropa pot\u0159ebuje alternativu&#8220; uc_fonts_data=&#8220;JTdCJTIydGl0bGUlMjIlM0ElN0IlMjJmb250LXdlaWdodCUyMiUzQSUyMkJvbGQlMjIlMkMlMjJjb2xvciUyMiUzQSUyMiUyM2E4MmUyZSUyMiU3RCU3RA==&#8220;][ucaddon_blox_side_small_round_icon_box icon=&#8220;fa fa-check-square&#8220; description=&#8220;UHJvJTIwemFjaG92JUMzJUExbiVDMyVBRCUyMHN1dmVyZW5pdHklMjB2bGFzdGklMjBtdXMlQzMlQURtZSUyMG5lcHJvZGxlbiVDNCU5QiUyMG9ibm92aXQlMjBvYnJhbnlzY2hvcG5vc3QlMjBOJUM0JTlCbWVja2EuJTIwUHJvdG8lMjBqZSUyMHQlQzUlOTllYmElMjBuZWpwcnZlJTIwdnklQzUlOTllJUM1JUExaXQlMjBuZWp6JUMzJUExdmElQzUlQkVuJUM0JTlCaiVDNSVBMSVDMyVBRCUyMG5lZG9zdGF0a3klMjBhJTIwcHJvYmwlQzMlQTlteSUyQyUyMGt0ZXIlQzMlQTklMjBzZSUyMHQlQzMlQkRrYWolQzMlQUQlMjBwZXJzb24lQzMlQTFsdSUyMGElMjB2eWJhdmVuJUMzJUFEJTIwbiVDNCU5Qm1lY2slQzMlQkRjaCUyMG96YnJvamVuJUMzJUJEY2glMjBzaWwuJTIwTiVDMyVBMXNsZWRuJUM0JTlCJTIwamUlMjBudXRuJUMzJUE5JTIwYXJtJUMzJUExZHUlMjBrb25zb2xpZG92YXQlMjBhJTIwbW9kZXJuaXpvdmF0JTJDJTIwYWJ5JTIwYnlseSUyMG96YnJvamVuJUMzJUE5JTIwcyVDMyVBRGx5JTIwcCVDNSU5OWlwcmF2ZW4lQzMlQTklMjBwcm8lMjBidWRvdWNub3N0Lg==&#8220; title=&#8220;\u017d\u00e1dn\u00e1 arm\u00e1da EU&#8220; uc_fonts_data=&#8220;JTdCJTIydGl0bGUlMjIlM0ElN0IlMjJmb250LXdlaWdodCUyMiUzQSUyMkJvbGQlMjIlMkMlMjJjb2xvciUyMiUzQSUyMiUyM2E4MmUyZSUyMiU3RCU3RA==&#8220;][ucaddon_blox_side_small_round_icon_box icon=&#8220;fa fa-check-square&#8220; description=&#8220;JUM1JUJEJUMzJUExZG4lQzMlQTElMjBvZHBvdiVDNCU5QmRub3N0JTIwemElMjBiYW5reSUyMEVVLiUyMCVDNSVCRCVDMyVBMWRuJUMzJUE5JTIwZGFuJUM0JTlCJTIwRVUlMjBhJTIwJUM1JUJFJUMzJUExZG4lQzMlQTklMjBtaW5pc3RlcnN0dm8lMjBmaW5hbmMlQzMlQUQlMjBFVS4lMEE=&#8220; title=&#8220;\u017d\u00e1dn\u00e1 bezedn\u00e1 j\u00e1ma&#8220; uc_fonts_data=&#8220;JTdCJTIydGl0bGUlMjIlM0ElN0IlMjJmb250LXdlaWdodCUyMiUzQSUyMkJvbGQlMjIlMkMlMjJjb2xvciUyMiUzQSUyMiUyM2E4MmUyZSUyMiU3RCU3RA==&#8220;][ucaddon_blox_side_small_round_icon_box icon=&#8220;fa fa-check-square&#8220; description=&#8220;TmVrb250cm9sb3ZhbiVDMyVBOSUyMG1hc292JUMzJUE5JTIwcCVDNSU5OWlzdCVDNCU5QmhvdmFsZWN0diVDMyVBRCUyMG5lZG9zdGF0ZSVDNCU4RG4lQzQlOUIlMjBrdmFsaWZpa292YW4lQzMlQkRjaCUyMGxpZCVDMyVBRCUyMGRvJTIwTiVDNCU5Qm1lY2thJTIwYSUyMGRhbCVDNSVBMSVDMyVBRGNoJTIwemVtJUMzJUFEJTIwRVUlMjBtdXMlQzMlQUQlMjBiJUMzJUJEdCUyMHphc3RhdmVuby4=&#8220; title=&#8220;Ne soci\u00e1ln\u00ed unii&#8220; uc_fonts_data=&#8220;JTdCJTIydGl0bGUlMjIlM0ElN0IlMjJmb250LXdlaWdodCUyMiUzQSUyMkJvbGQlMjIlMkMlMjJjb2xvciUyMiUzQSUyMiUyM2E4MmUyZSUyMiU3RCU3RA==&#8220;][\/vc_column][\/vc_row][vc_row full_width=&#8220;stretch_row_content&#8220;][vc_column][vc_separator][ucaddon_uc_material_icon_accordion uc_items_data=&#8220;JTVCJTdCJTIydGl0bGUlMjIlM0ElMjJPWk4lQzMlODFNRU4lQzMlOEQlMjIlMkMlMjJjb250ZW50JTIyJTNBJTIyViUyMHBvc2xlZG4lQzMlQUQlMjBkb2IlQzQlOUIlMjBzZSUyMHYlMjB0aXNrdSUyMG9iamV2aWxhJTIwJUM1JTk5YWRhJTIwJUM0JThEbCVDMyVBMW5rJUM1JUFGJTIwcGxuJUMzJUJEY2glMjBuZWhvciVDMyVBMXpuJUMzJUJEY2glMjBvYnZpbiVDNCU5Qm4lQzMlQUQlMjB2JUM1JUFGJUM0JThEaSUyMG0lQzMlQTklMjBvc29iJUM0JTlCJTIwYSUyMG0lQzMlQTklMjBzdHJhbiVDNCU5QiUyQyUyMGt0ZXIlQzMlQTElMjBzZSUyMHQlQzMlQkRrYWxhJTIwbiVDNCU5Qmt0ZXIlQzMlQkRjaCUyMGZvdGJhbG92JUMzJUJEY2glMjBmYW5vdSVDNSVBMWslQzUlQUYlMjBhJTIwcnVzayVDMyVCRGNoJTIwb2xpZ2FyY2glQzUlQUYuJTVDbiUzQ2JyJTNFJTNDYnIlM0UlNUNuTW9odSUyMHYlQzMlQTFzJTIwa2F0ZWdvcmlja3klMjB1amlzdGl0JTJDJTIwJUM1JUJFZSUyMHRhdG8lMjBvYnZpbiVDNCU5Qm4lQzMlQUQlMjBqc291JTIwYWJzb2x1dG4lQzQlOUIlMjBuZXBvZGxvJUM1JUJFZW4lQzMlQTElMjBhJTIwbmVwcmF2ZGl2JUMzJUExLiUyME5ldiVDMyVBRG0lMkMlMjBrZG8lMjB6YSUyMHQlQzMlQURtdG8lMjAlQzMlQkFkYWpuJUMzJUJEbSUyMCU1QyUyMnZ5JUM1JUExZXQlQzUlOTlvdiVDMyVBMW4lQzMlQURtJTVDJTIyJTIwc3RvaiVDMyVBRCUyQyUyMGFsZSUyMGMlQzMlQURsJTIwamUlMjB6JUM1JTk5ZWptJUMzJUJEJTIwLSUyMHBvJUM1JUExa29kaXQlMjAlQzUlQTFhbmNlJTIwbmElQzUlQTElQzMlQUQlMjBzdHJhbnklMjB2JTIwbmFkY2glQzMlQTF6ZWolQzMlQURjJUMzJUFEY2glMjB2b2xiJUMzJUExY2glMjBkbyUyMEV2cm9wc2slQzMlQTlobyUyMHBhcmxhbWVudHUlMjBhJTIwbiVDMyVBMXNsZWRuJUM0JTlCJTIwaSUyMG5hJUM1JUExZSUyMCVDNSVBMWFuY2UlMjB6JUMzJUFEc2thdCUyMHpwJUM0JTlCdCUyMGtvbnRyb2x1JTIwbmFkJTIwaHJhbmljZW1pJTIwbmElQzUlQTElQzMlQUQlMjB6ZW0lQzQlOUIlMjB0diVDMyVBMSVDNSU5OSVDMyVBRCUyMHYlMjB0diVDMyVBMSVDNSU5OSUyMGhyb3piJUM0JTlCJTIwcnVzayVDMyVBOSUyMGFncmVzZS4lMjAlMjAlNUNuJTNDYnIlM0UlM0NiciUzRSU1Q25LJTIwbiVDMyVBMWt1cHUlMjBqaXN0JUMzJUE5aG8lMjBmb3RiYWxpc3R5JTIwYnljaCUyMHIlQzMlQTFkJTIwJUM1JTk5ZWtsJTNBJTIwYW5vJTJDJTIwdGFsZW50b3ZhbiVDMyVCRCUyMGhyJUMzJUExJUM0JThEJTIwYnlsJTIwc2t1dGUlQzQlOERuJUM0JTlCJTIwemFrb3VwZW4lMjB6YSUyMG5pJUM1JUJFJUM1JUExJUMzJUFEJTIwY2VudSUyQyUyMG5lJUM1JUJFJTIwamUlMjBqZWhvJTIwdHIlQzUlQkVuJUMzJUFEJTIwaG9kbm90YSUyQyUyMGFsZSUyMGJ5bG8lMjB0byUyMCVDNCU4RGlzdCVDNCU5QiUyMHByb3RvJTJDJTIwJUM1JUJFZSUyMHRha292b3UlMjBjZW51JTIwc3Rhbm92aWwlMjBqZWhvJTIwa2x1Yi4lMjBPYmNob2QlMjBieWwlMjB6Y2VsYSUyMGxlZ2l0aW1uJUMzJUFEJTIwYSUyMHYlMjBzb3VsYWR1JTIwc2UlMjB2JUM1JUExZW1pJTIwbm9ybWFtaSUyMFVFRkEuJTIwSmUlMjBwcmF2ZGElMkMlMjAlQzUlQkVlJTIwZG90eSVDNCU4RG4lQzMlQkQlMjBociVDMyVBMSVDNCU4RCUyMHBvY2glQzMlQTF6JUMzJUFEJTIweiUyMFJ1c2thJTJDJTIwYWxlJTIwanNlbSUyMHBldm4lQzQlOUIlMjBwJUM1JTk5ZXN2JUM0JTlCZCVDNCU4RGVuJTJDJTIwJUM1JUJFZSUyMHNwb3J0JTIwYSUyMHBvbGl0aWthJTIwYnklMjBtJUM0JTlCbHklMjBiJUMzJUJEdCUyMG9kZCVDNCU5QmxlbnklMkMlMjBjbyVDNSVCRSUyMGplJTIwdiUyMHNvdWxhZHUlMjBzZSUyMHNtJUM0JTlCJUM1JTk5b3YlQzMlQTFuJUMzJUFEbSUyMGElMjBob2Rub3RhbWklMjBuYSVDNSVBMSVDMyVBRCUyMHN0cmFueS4lNUNuJTNDYnIlM0UlM0NiciUzRSU1Q25KZWRpbiVDMyVCRG0lMjAlQzMlQkElQzQlOERlbGVtJTIwdG9ob3RvJTIwcCVDNSU5OWVzdHVwdSUyMGplJTIwZGFsJUM1JUExJUMzJUFEJTIwcG9zJUMzJUFEbGVuJUMzJUFEJTIwdCVDMyVCRG11JTIwbmElQzUlQTFlaG8lMjBkb21vdnNrJUMzJUE5aG8lMjBtJUM0JTlCc3RhJTIwYSUyMHp2JUMzJUJEJUM1JUExZW4lQzMlQUQlMjAlQzUlQTFhbmMlQzMlQUQlMjBwcm9ib2pvdmF0JTIwc2UlMjBuYSUyMGV2cm9wc2tvdSUyMHNjJUMzJUE5bnUuJTVDbiUzQ2JyJTNFJTNDYnIlM0UlNUNuQ28lMjBqc3RlJTIwcHJvJTIwbmElQzUlQTFlJTIwbSVDNCU5QnN0byUyMHVkJUM0JTlCbGFsJTIwdnklMkMlMjBwYW5lJTIwTm90ZWJlY2t1JTNGJTIxJTVDbiUzQ2JyJTNFJTNDYnIlM0UlNUNuJTNDcCUyMGFsaWduJTNEJTVDJTIycmlnaHQlNUMlMjIlM0VBZGFtJTIwTm9ja2xhbmQlMjAlM0NiciUyMCUyRiUzRSUyMCUzQ2ltZyUyMHNyYyUzRGh0dHAlM0ElMkYlMkZ4bi0td2hsZS16dWt1bmZ0LWdjYi5kZSUyRndwLWNvbnRlbnQlMkZ1cGxvYWRzJTJGMjAxOSUyRjA2JTJGaW1hZ2VlZGl0XzFfMjUwNTMyNzQ0NF9jcm9wLnBuZyUyMGFsaWduJTNEJUUyJTgwJTlEcmlnaHQlRTIlODAlOUQlMjBzdHlsZSUzRCU1QyUyMndpZHRoJTNBMTIwcHglM0IlMjBoZWlnaHQlM0E3MHB4JTNCJTVDJTIyJTIwJTJGJTNFJTNDJTJGcCUzRSUyMiUyQyUyMmljb24lMjIlM0ElMjJmYSUyMGZhLWFzc2lzdGl2ZS1saXN0ZW5pbmctc3lzdGVtcyUyMiUyQyUyMmNvbnRlbnRfYmFja2dyb3VuZF9jb2xvciUyMiUzQSUyMiUyM2VjNjE2MSUyMiUyQyUyMmljb25fYmFja2dyb3VuZF9jb2xvciUyMiUzQSUyMiUyM2Q1NTI1MiUyMiUyQyUyMmNvbnRlbnRfY29sb3IlMjIlM0ElMjIlMjNmZmZmZmYlMjIlN0QlNUQ=&#8220; uc_fonts_data=&#8220;JTdCJTIydWNfaXRlbXNfYXR0cmlidXRlX3RpdGxlJTIyJTNBJTdCJTIyZm9udC13ZWlnaHQlMjIlM0ElMjJCb2xkJTIyJTJDJTIyZm9udC1zaXplJTIyJTNBJTIyMjJweCUyMiU3RCU3RA==&#8220;][\/vc_column][\/vc_row]<\/p>\n","protected":false},"excerpt":{"rendered":"<p>[vc_row full_width=&#8220;stretch_row_content_no_spaces&#8220;][vc_column][vc_single_image image=&#8220;132&#8243; img_size=&#8220;full&#8220; alignment=&#8220;center&#8220;][\/vc_column][\/vc_row][vc_row full_width=&#8220;stretch_row_content&#8220;][vc_column][ucaddon_blox_side_small_round_icon_box icon=&#8220;fa fa-check-square&#8220; description=&#8220;RXZyb3BzayVDMyVBOSUyMHNwb2xlJUM0JThEZW5zdHYlQzMlQUQlMjBzZSUyMHZ5dmludWxvJTIwdiUyMG5lZGVtb2tyYXRpY2slQzMlQkQlMjBtb2xvY2glMjAlQzUlOTklQzMlQUR6ZW4lQzMlQkQlMjBwb2xpdGljayVDMyVCRG1pJTIwbG91dGthbWklMjBhJTIwdHZvJUM1JTk5ZW4lQzMlQkQlMjBuZXRyYW5zcGFyZW50biVDMyVBRCUyMGElMjBuZWtvbnRyb2xvdmFub3UlMjBieXJva3JhY2klQzMlQUQu&#8220; title=&#8220;Evropa pot\u0159ebuje alternativu&#8220; uc_fonts_data=&#8220;JTdCJTIydGl0bGUlMjIlM0ElN0IlMjJmb250LXdlaWdodCUyMiUzQSUyMkJvbGQlMjIlMkMlMjJjb2xvciUyMiUzQSUyMiUyM2E4MmUyZSUyMiU3RCU3RA==&#8220;][ucaddon_blox_side_small_round_icon_box icon=&#8220;fa fa-check-square&#8220; description=&#8220;UHJvJTIwemFjaG92JUMzJUExbiVDMyVBRCUyMHN1dmVyZW5pdHklMjB2bGFzdGklMjBtdXMlQzMlQURtZSUyMG5lcHJvZGxlbiVDNCU5QiUyMG9ibm92aXQlMjBvYnJhbnlzY2hvcG5vc3QlMjBOJUM0JTlCbWVja2EuJTIwUHJvdG8lMjBqZSUyMHQlQzUlOTllYmElMjBuZWpwcnZlJTIwdnklQzUlOTllJUM1JUExaXQlMjBuZWp6JUMzJUExdmElQzUlQkVuJUM0JTlCaiVDNSVBMSVDMyVBRCUyMG5lZG9zdGF0a3klMjBhJTIwcHJvYmwlQzMlQTlteSUyQyUyMGt0ZXIlQzMlQTklMjBzZSUyMHQlQzMlQkRrYWolQzMlQUQlMjBwZXJzb24lQzMlQTFsdSUyMGElMjB2eWJhdmVuJUMzJUFEJTIwbiVDNCU5Qm1lY2slQzMlQkRjaCUyMG96YnJvamVuJUMzJUJEY2glMjBzaWwuJTIwTiVDMyVBMXNsZWRuJUM0JTlCJTIwamUlMjBudXRuJUMzJUE5JTIwYXJtJUMzJUExZHUlMjBrb25zb2xpZG92YXQlMjBhJTIwbW9kZXJuaXpvdmF0JTJDJTIwYWJ5JTIwYnlseSUyMG96YnJvamVuJUMzJUE5JTIwcyVDMyVBRGx5JTIwcCVDNSU5OWlwcmF2ZW4lQzMlQTklMjBwcm8lMjBidWRvdWNub3N0Lg==&#8220; title=&#8220;\u017d\u00e1dn\u00e1 arm\u00e1da EU&#8220; uc_fonts_data=&#8220;JTdCJTIydGl0bGUlMjIlM0ElN0IlMjJmb250LXdlaWdodCUyMiUzQSUyMkJvbGQlMjIlMkMlMjJjb2xvciUyMiUzQSUyMiUyM2E4MmUyZSUyMiU3RCU3RA==&#8220;][ucaddon_blox_side_small_round_icon_box icon=&#8220;fa fa-check-square&#8220; description=&#8220;JUM1JUJEJUMzJUExZG4lQzMlQTElMjBvZHBvdiVDNCU5QmRub3N0JTIwemElMjBiYW5reSUyMEVVLiUyMCVDNSVCRCVDMyVBMWRuJUMzJUE5JTIwZGFuJUM0JTlCJTIwRVUlMjBhJTIwJUM1JUJFJUMzJUExZG4lQzMlQTklMjBtaW5pc3RlcnN0dm8lMjBmaW5hbmMlQzMlQUQlMjBFVS4lMEE=&#8220; title=&#8220;\u017d\u00e1dn\u00e1 bezedn\u00e1 j\u00e1ma&#8220; uc_fonts_data=&#8220;JTdCJTIydGl0bGUlMjIlM0ElN0IlMjJmb250LXdlaWdodCUyMiUzQSUyMkJvbGQlMjIlMkMlMjJjb2xvciUyMiUzQSUyMiUyM2E4MmUyZSUyMiU3RCU3RA==&#8220;][ucaddon_blox_side_small_round_icon_box icon=&#8220;fa fa-check-square&#8220; description=&#8220;TmVrb250cm9sb3ZhbiVDMyVBOSUyMG1hc292JUMzJUE5JTIwcCVDNSU5OWlzdCVDNCU5QmhvdmFsZWN0diVDMyVBRCUyMG5lZG9zdGF0ZSVDNCU4RG4lQzQlOUIlMjBrdmFsaWZpa292YW4lQzMlQkRjaCUyMGxpZCVDMyVBRCUyMGRvJTIwTiVDNCU5Qm1lY2thJTIwYSUyMGRhbCVDNSVBMSVDMyVBRGNoJTIwemVtJUMzJUFEJTIwRVUlMjBtdXMlQzMlQUQlMjBiJUMzJUJEdCUyMHphc3RhdmVuby4=&#8220; title=&#8220;Ne soci\u00e1ln\u00ed unii&#8220; uc_fonts_data=&#8220;JTdCJTIydGl0bGUlMjIlM0ElN0IlMjJmb250LXdlaWdodCUyMiUzQSUyMkJvbGQlMjIlMkMlMjJjb2xvciUyMiUzQSUyMiUyM2E4MmUyZSUyMiU3RCU3RA==&#8220;][\/vc_column][\/vc_row][vc_row full_width=&#8220;stretch_row_content&#8220;][vc_column][vc_separator][ucaddon_uc_material_icon_accordion uc_items_data=&#8220;JTVCJTdCJTIydGl0bGUlMjIlM0ElMjJPWk4lQzMlODFNRU4lQzMlOEQlMjIlMkMlMjJjb250ZW50JTIyJTNBJTIyViUyMHBvc2xlZG4lQzMlQUQlMjBkb2IlQzQlOUIlMjBzZSUyMHYlMjB0aXNrdSUyMG9iamV2aWxhJTIwJUM1JTk5YWRhJTIwJUM0JThEbCVDMyVBMW5rJUM1JUFGJTIwcGxuJUMzJUJEY2glMjBuZWhvciVDMyVBMXpuJUMzJUJEY2glMjBvYnZpbiVDNCU5Qm4lQzMlQUQlMjB2JUM1JUFGJUM0JThEaSUyMG0lQzMlQTklMjBvc29iJUM0JTlCJTIwYSUyMG0lQzMlQTklMjBzdHJhbiVDNCU5QiUyQyUyMGt0ZXIlQzMlQTElMjBzZSUyMHQlQzMlQkRrYWxhJTIwbiVDNCU5Qmt0ZXIlQzMlQkRjaCUyMGZvdGJhbG92JUMzJUJEY2glMjBmYW5vdSVDNSVBMWslQzUlQUYlMjBhJTIwcnVzayVDMyVCRGNoJTIwb2xpZ2FyY2glQzUlQUYuJTVDbiUzQ2JyJTNFJTNDYnIlM0UlNUNuTW9odSUyMHYlQzMlQTFzJTIwa2F0ZWdvcmlja3klMjB1amlzdGl0JTJDJTIwJUM1JUJFZSUyMHRhdG8lMjBvYnZpbiVDNCU5Qm4lQzMlQUQlMjBqc291JTIwYWJzb2x1dG4lQzQlOUIlMjBuZXBvZGxvJUM1JUJFZW4lQzMlQTElMjBhJTIwbmVwcmF2ZGl2JUMzJUExLiUyME5ldiVDMyVBRG0lMkMlMjBrZG8lMjB6YSUyMHQlQzMlQURtdG8lMjAlQzMlQkFkYWpuJUMzJUJEbSUyMCU1QyUyMnZ5JUM1JUExZXQlQzUlOTlvdiVDMyVBMW4lQzMlQURtJTVDJTIyJTIwc3RvaiVDMyVBRCUyQyUyMGFsZSUyMGMlQzMlQURsJTIwamUlMjB6JUM1JTk5ZWptJUMzJUJEJTIwLSUyMHBvJUM1JUExa29kaXQlMjAlQzUlQTFhbmNlJTIwbmElQzUlQTElQzMlQUQlMjBzdHJhbnklMjB2JTIwbmFkY2glQzMlQTF6ZWolQzMlQURjJUMzJUFEY2glMjB2b2xiJUMzJUExY2glMjBkbyUyMEV2cm9wc2slQzMlQTlobyUyMHBhcmxhbWVudHUlMjBhJTIwbiVDMyVBMXNsZWRuJUM0JTlCJTIwaSUyMG5hJUM1JUExZSUyMCVDNSVBMWFuY2UlMjB6JUMzJUFEc2thdCUyMHpwJUM0JTlCdCUyMGtvbnRyb2x1JTIwbmFkJTIwaHJhbmljZW1pJTIwbmElQzUlQTElQzMlQUQlMjB6ZW0lQzQlOUIlMjB0diVDMyVBMSVDNSU5OSVDMyVBRCUyMHYlMjB0diVDMyVBMSVDNSU5OSUyMGhyb3piJUM0JTlCJTIwcnVzayVDMyVBOSUyMGFncmVzZS4lMjAlMjAlNUNuJTNDYnIlM0UlM0NiciUzRSU1Q25LJTIwbiVDMyVBMWt1cHUlMjBqaXN0JUMzJUE5aG8lMjBmb3RiYWxpc3R5JTIwYnljaCUyMHIlQzMlQTFkJTIwJUM1JTk5ZWtsJTNBJTIwYW5vJTJDJTIwdGFsZW50b3ZhbiVDMyVCRCUyMGhyJUMzJUExJUM0JThEJTIwYnlsJTIwc2t1dGUlQzQlOERuJUM0JTlCJTIwemFrb3VwZW4lMjB6YSUyMG5pJUM1JUJFJUM1JUExJUMzJUFEJTIwY2VudSUyQyUyMG5lJUM1JUJFJTIwamUlMjBqZWhvJTIwdHIlQzUlQkVuJUMzJUFEJTIwaG9kbm90YSUyQyUyMGFsZSUyMGJ5bG8lMjB0byUyMCVDNCU4RGlzdCVDNCU5QiUyMHByb3RvJTJDJTIwJUM1JUJFZSUyMHRha292b3UlMjBjZW51JTIwc3Rhbm92aWwlMjBqZWhvJTIwa2x1Yi4lMjBPYmNob2QlMjBieWwlMjB6Y2VsYSUyMGxlZ2l0aW1uJUMzJUFEJTIwYSUyMHYlMjBzb3VsYWR1JTIwc2UlMjB2JUM1JUExZW1pJTIwbm9ybWFtaSUyMFVFRkEuJTIwSmUlMjBwcmF2ZGElMkMlMjAlQzUlQkVlJTIwZG90eSVDNCU4RG4lQzMlQkQlMjBociVDMyVBMSVDNCU4RCUyMHBvY2glQzMlQTF6JUMzJUFEJTIweiUyMFJ1c2thJTJDJTIwYWxlJTIwanNlbSUyMHBldm4lQzQlOUIlMjBwJUM1JTk5ZXN2JUM0JTlCZCVDNCU4RGVuJTJDJTIwJUM1JUJFZSUyMHNwb3J0JTIwYSUyMHBvbGl0aWthJTIwYnklMjBtJUM0JTlCbHklMjBiJUMzJUJEdCUyMG9kZCVDNCU5QmxlbnklMkMlMjBjbyVDNSVCRSUyMGplJTIwdiUyMHNvdWxhZHUlMjBzZSUyMHNtJUM0JTlCJUM1JTk5b3YlQzMlQTFuJUMzJUFEbSUyMGElMjBob2Rub3RhbWklMjBuYSVDNSVBMSVDMyVBRCUyMHN0cmFueS4lNUNuJTNDYnIlM0UlM0NiciUzRSU1Q25KZWRpbiVDMyVCRG0lMjAlQzMlQkElQzQlOERlbGVtJTIwdG9ob3RvJTIwcCVDNSU5OWVzdHVwdSUyMGplJTIwZGFsJUM1JUExJUMzJUFEJTIwcG9zJUMzJUFEbGVuJUMzJUFEJTIwdCVDMyVCRG11JTIwbmElQzUlQTFlaG8lMjBkb21vdnNrJUMzJUE5aG8lMjBtJUM0JTlCc3RhJTIwYSUyMHp2JUMzJUJEJUM1JUExZW4lQzMlQUQlMjAlQzUlQTFhbmMlQzMlQUQlMjBwcm9ib2pvdmF0JTIwc2UlMjBuYSUyMGV2cm9wc2tvdSUyMHNjJUMzJUE5bnUuJTVDbiUzQ2JyJTNFJTNDYnIlM0UlNUNuQ28lMjBqc3RlJTIwcHJvJTIwbmElQzUlQTFlJTIwbSVDNCU5QnN0byUyMHVkJUM0JTlCbGFsJTIwdnklMkMlMjBwYW5lJTIwTm90ZWJlY2t1JTNGJTIxJTVDbiUzQ2JyJTNFJTNDYnIlM0UlNUNuJTNDcCUyMGFsaWduJTNEJTVDJTIycmlnaHQlNUMlMjIlM0VBZGFtJTIwTm9ja2xhbmQlMjAlM0NiciUyMCUyRiUzRSUyMCUzQ2ltZyUyMHNyYyUzRGh0dHAlM0ElMkYlMkZ4bi0td2hsZS16dWt1bmZ0LWdjYi5kZSUyRndwLWNvbnRlbnQlMkZ1cGxvYWRzJTJGMjAxOSUyRjA2JTJGaW1hZ2VlZGl0XzFfMjUwNTMyNzQ0NF9jcm9wLnBuZyUyMGFsaWduJTNEJUUyJTgwJTlEcmlnaHQlRTIlODAlOUQlMjBzdHlsZSUzRCU1QyUyMndpZHRoJTNBMTIwcHglM0IlMjBoZWlnaHQlM0E3MHB4JTNCJTVDJTIyJTIwJTJGJTNFJTNDJTJGcCUzRSUyMiUyQyUyMmljb24lMjIlM0ElMjJmYSUyMGZhLWFzc2lzdGl2ZS1saXN0ZW5pbmctc3lzdGVtcyUyMiUyQyUyMmNvbnRlbnRfYmFja2dyb3VuZF9jb2xvciUyMiUzQSUyMiUyM2VjNjE2MSUyMiUyQyUyMmljb25fYmFja2dyb3VuZF9jb2xvciUyMiUzQSUyMiUyM2Q1NTI1MiUyMiUyQyUyMmNvbnRlbnRfY29sb3IlMjIlM0ElMjIlMjNmZmZmZmYlMjIlN0QlNUQ=&#8220; uc_fonts_data=&#8220;JTdCJTIydWNfaXRlbXNfYXR0cmlidXRlX3RpdGxlJTIyJTNBJTdCJTIyZm9udC13ZWlnaHQlMjIlM0ElMjJCb2xkJTIyJTJDJTIyZm9udC1zaXplJTIyJTNBJTIyMjJweCUyMiU3RCU3RA==&#8220;][\/vc_column][\/vc_row]<\/p>\n","protected":false},"author":1,"featured_media":0,"parent":0,"menu_order":0,"comment_status":"closed","ping_status":"open","template":"template-page-builder.php","meta":[],"_links":{"self":[{"href":"https:\/\/xn--whle-zukunft-gcb.de\/cs\/wp-json\/wp\/v2\/pages\/2"}],"collection":[{"href":"https:\/\/xn--whle-zukunft-gcb.de\/cs\/wp-json\/wp\/v2\/pages"}],"about":[{"href":"https:\/\/xn--whle-zukunft-gcb.de\/cs\/wp-json\/wp\/v2\/types\/page"}],"author":[{"embeddable":true,"href":"https:\/\/xn--whle-zukunft-gcb.de\/cs\/wp-json\/wp\/v2\/users\/1"}],"replies":[{"embeddable":true,"href":"https:\/\/xn--whle-zukunft-gcb.de\/cs\/wp-json\/wp\/v2\/comments?post=2"}],"version-history":[{"count":63,"href":"https:\/\/xn--whle-zukunft-gcb.de\/cs\/wp-json\/wp\/v2\/pages\/2\/revisions"}],"predecessor-version":[{"id":82,"href":"https:\/\/xn--whle-zukunft-gcb.de\/cs\/wp-json\/wp\/v2\/pages\/2\/revisions\/82"}],"wp:attachment":[{"href":"https:\/\/xn--whle-zukunft-gcb.de\/cs\/wp-json\/wp\/v2\/media?parent=2"}],"curies":[{"name":"wp","href":"https:\/\/api.w.org\/{rel}","templated":true}]}}